{"id":2595,"date":"2013-05-03T13:37:22","date_gmt":"2013-05-03T11:37:22","guid":{"rendered":"http:\/\/www.zeleni-zabojcek.si\/zz\/?page_id=2595"},"modified":"2021-05-26T09:15:31","modified_gmt":"2021-05-26T07:15:31","slug":"placila","status":"publish","type":"page","link":"https:\/\/zeleni-zabojcek.si\/za\/pogosta-vprasanja-2\/placila\/","title":{"rendered":"Pla\u010dila"},"content":{"rendered":"<p>Pla\u010date vedno <strong>po prejetju<\/strong> zaboj\u010dka. Vse pridelke namre\u010d stehtamo in obra\u010dunamo to\u010dno toliko, kot vam pripeljemo, vnaprej pa seveda ne vemo to\u010dno, kako velika bo npr. glava solate. Prav tako so na\u0161i pridelki \u017eivi in \u017eivahni in \u010de bi karkoli ne bilo primerne kakovosti, pla\u010date le to, kar je dobro.<\/p>\n<p>Pla\u010date lahko z<\/p>\n<p><strong>1) nakazilom.<\/strong><br \/>\nPla\u010date<strong> po<\/strong> prejemu zaboj\u010dka. Pla\u010dilo lahko naka\u017eete preko spletnega ban\u010dni\u0161tva (na\u0161 transakcijski ra\u010dun je\u00a0<b>SI56 0310 0100 3075 451<\/b> pri SKB d.d. Uporabite UPN. Prvi dve \u0161tevilki sklica sta SI00, nato nadaljujete s \u0161tevilko va\u0161ega ra\u010duna (recimo SI00\u00a0 5409). BIC SKB banke: <span class=\"st\">SKBASI2X <\/span>.<\/p>\n<p><strong>2) trajnikom<\/strong> (oziromo direktno obremenitvijo, se temu to\u010dno re\u010de).<br \/>\nVa\u0161 ra\u010dun obremenimo po prejemu zaboj\u010dka, na\u010deloma enkrat mese\u010dno, 8. ali 18. v mesecu, ob va\u0161i izbiri. Vse skupaj je zelo preprosto in varno, \u010de se ne bi strinjali s tem, da va\u0161 ra\u010dun obremenimo, lahko to kadarkoli prekli\u010dete, \u010de bi se pa pri tem zmotili, pa vam tudi denar naka\u017eemo nazaj.<br \/>\nJe pa zelo enostavno in ena skrb manj.<br \/>\nZa to potrebujemo va\u0161e <a href=\"https:\/\/zeleni-zabojcek.si\/za\/bremenitev\/\" target=\"_blank\" rel=\"noopener noreferrer\">soglasje za obremenitev<\/a>\u00a0in to je prav vse, kar potrebujemo.<\/p>\n<p>Pla\u010dilo z gotovino pa ni mo\u017eno, prav tako ne s kartico.<\/p>\n<p>&nbsp;<\/p>\n<p>&nbsp;<\/p>\n<p>&nbsp;<\/p>\n","protected":false},"excerpt":{"rendered":"<p>Pla\u010date vedno po prejetju zaboj\u010dka. Vse pridelke namre\u010d stehtamo in obra\u010dunamo to\u010dno toliko, kot vam pripeljemo, vnaprej pa seveda ne vemo to\u010dno, kako velika bo npr. glava solate. Prav tako so na\u0161i pridelki \u017eivi in \u017eivahni in \u010de bi karkoli ne bilo primerne kakovosti, pla\u010date le to, kar je dobro. Pla\u010date lahko z 1) nakazilom.&hellip; <a class=\"more-link\" href=\"https:\/\/zeleni-zabojcek.si\/za\/pogosta-vprasanja-2\/placila\/\">Continue reading <span class=\"screen-reader-text\">Pla\u010dila<\/span><\/a><\/p>\n","protected":false},"author":5,"featured_media":0,"parent":42,"menu_order":0,"comment_status":"open","ping_status":"open","template":"","meta":{"footnotes":""},"class_list":["post-2595","page","type-page","status-publish","hentry","entry"],"_links":{"self":[{"href":"https:\/\/zeleni-zabojcek.si\/za\/wp-json\/wp\/v2\/pages\/2595","targetHints":{"allow":["GET"]}}],"collection":[{"href":"https:\/\/zeleni-zabojcek.si\/za\/wp-json\/wp\/v2\/pages"}],"about":[{"href":"https:\/\/zeleni-zabojcek.si\/za\/wp-json\/wp\/v2\/types\/page"}],"author":[{"embeddable":true,"href":"https:\/\/zeleni-zabojcek.si\/za\/wp-json\/wp\/v2\/users\/5"}],"replies":[{"embeddable":true,"href":"https:\/\/zeleni-zabojcek.si\/za\/wp-json\/wp\/v2\/comments?post=2595"}],"version-history":[{"count":8,"href":"https:\/\/zeleni-zabojcek.si\/za\/wp-json\/wp\/v2\/pages\/2595\/revisions"}],"predecessor-version":[{"id":4878,"href":"https:\/\/zeleni-zabojcek.si\/za\/wp-json\/wp\/v2\/pages\/2595\/revisions\/4878"}],"up":[{"embeddable":true,"href":"https:\/\/zeleni-zabojcek.si\/za\/wp-json\/wp\/v2\/pages\/42"}],"wp:attachment":[{"href":"https:\/\/zeleni-zabojcek.si\/za\/wp-json\/wp\/v2\/media?parent=2595"}],"curies":[{"name":"wp","href":"https:\/\/api.w.org\/{rel}","templated":true}]}}