{"id":2655,"date":"2015-10-20T12:50:03","date_gmt":"2015-10-20T12:50:03","guid":{"rendered":"http:\/\/farmfresh.themeplayers.net\/onepager\/?page_id=2655"},"modified":"2026-01-12T13:41:03","modified_gmt":"2026-01-12T12:41:03","slug":"home","status":"publish","type":"page","link":"https:\/\/zeleni-zabojcek.si\/za\/","title":{"rendered":"Untitled"},"content":{"rendered":"\n<div class=\"wp-block-columns is-layout-flex wp-container-core-columns-is-layout-9d6595d7 wp-block-columns-is-layout-flex\">\n<div class=\"wp-block-column is-layout-flow wp-block-column-is-layout-flow\" style=\"flex-basis:33.33%\">\n<h2 class=\"wp-block-heading has-text-color has-link-color wp-elements-2017cd61e735f3ca12c527daf3a1a4b6\" style=\"color:#4a8b2c\"><strong>Ekolo\u0161ko<\/strong><\/h2>\n\n\n\n<h2 class=\"wp-block-heading has-text-color has-link-color wp-elements-1c73f8a61133a81b6dcac9d4087e3efd\" style=\"color:#4a8b2c\"><strong>Sezonsko<\/strong><\/h2>\n\n\n\n<h2 class=\"wp-block-heading has-text-color has-link-color wp-elements-df95accaa267abcb8852284e43c02840\" style=\"color:#4a8b2c\"><strong>Lokalno<\/strong><\/h2>\n\n\n\n<h2 class=\"wp-block-heading has-text-color has-link-color wp-elements-58eed9319fd806a5b5dcaee6878f6d49\" style=\"color:#4a8b2c\"><strong>Dostavljeno!<\/strong><\/h2>\n<\/div>\n\n\n\n<div class=\"wp-block-column is-layout-flow wp-block-column-is-layout-flow\" style=\"flex-basis:66.66%\">\n<figure class=\"wp-block-image size-large\"><a href=\"https:\/\/zeleni-zabojcek.si\/za\/shop\/?locale=si\"><img loading=\"lazy\" decoding=\"async\" width=\"1024\" height=\"691\" src=\"https:\/\/zeleni-zabojcek.si\/za\/wp-content\/uploads\/2025\/03\/Besedilo-odstavka-1-1-1024x691.jpg\" alt=\"\" class=\"wp-image-5764\" srcset=\"https:\/\/zeleni-zabojcek.si\/za\/wp-content\/uploads\/2025\/03\/Besedilo-odstavka-1-1-1024x691.jpg 1024w, https:\/\/zeleni-zabojcek.si\/za\/wp-content\/uploads\/2025\/03\/Besedilo-odstavka-1-1-768x519.jpg 768w, https:\/\/zeleni-zabojcek.si\/za\/wp-content\/uploads\/2025\/03\/Besedilo-odstavka-1-1.jpg 1170w\" sizes=\"auto, (max-width: 1024px) 100vw, 1024px\" \/><\/a><\/figure>\n<\/div>\n<\/div>\n\n\n\n<div class=\"wp-block-buttons tw-mt-1 tw-mb-0 is-horizontal is-content-justification-center is-layout-flex wp-container-core-buttons-is-layout-499968f5 wp-block-buttons-is-layout-flex\">\n<div class=\"wp-block-button has-custom-width wp-block-button__width-100 is-style-fill\"><a class=\"wp-block-button__link has-white-color has-text-color has-background has-custom-font-size wp-element-button\" href=\"https:\/\/zeleni-zabojcek.si\/za\/shop\/?locale=si\" style=\"border-radius:7.3%;background-color:#4c8c2b;padding-top:var(--wp--preset--spacing--20);padding-right:var(--wp--preset--spacing--20);padding-bottom:var(--wp--preset--spacing--20);padding-left:var(--wp--preset--spacing--20);font-size:28px\"><img loading=\"lazy\" decoding=\"async\" width=\"50\" height=\"42\" class=\"wp-image-5175\" style=\"width: 50px;\" src=\"https:\/\/zeleni-zabojcek.si\/za\/wp-content\/uploads\/2023\/06\/vozek.png\" alt=\"\">   v<strong> <\/strong>spletno trgovino<\/a><\/div>\n<\/div>\n\n\n\n<p><\/p>\n\n\n\n<h4 class=\"wp-block-heading has-text-align-center tw-mb-4 tw-mt-4 has-text-color\" style=\"color:#513f31\">Sre\u010dnih 15 let dostavljamo izklju\u010dno ekolo\u0161ko, lokalno pridelano hrano.<\/h4>\n\n\n\n<hr class=\"wp-block-separator has-text-color has-css-opacity has-background is-style-dots\" style=\"background-color:#868686;color:#868686\"\/>\n\n\n\n<div class=\"wp-block-columns is-layout-flex wp-container-core-columns-is-layout-9d6595d7 wp-block-columns-is-layout-flex\">\n<div class=\"wp-block-column is-layout-flow wp-block-column-is-layout-flow\">\n<div class=\"wp-block-getwid-icon has-layout-stacked is-aligned-center\"><a href=\"https:\/\/zeleni-zabojcek.si\/za\/kaj-bo-v-vasem-zabojcku\/\" class=\"wp-block-getwid-icon__wrapper has-background has-text-color has-white-color\" style=\"font-size:46px;padding:19px;background-color:#4c8c2b;border-radius:70%\"><i class=\"fas fa-box-open\"><\/i><\/a><\/div>\n\n\n\n<p class=\"has-text-color\" style=\"color:#513f31\">Izberete poljubne pridelke ali zaboj\u010dek s predlagano vsebino, ki ga lahko poljubno prilagodite. Lahko izberete le tiste pridelke, ki jih potrebujete. Lahko ste abonent ali pa naro\u010dite le, kadar vam prija. Skoraj vse je mogo\u010de.<\/p>\n<\/div>\n\n\n\n<div class=\"wp-block-column is-layout-flow wp-block-column-is-layout-flow\">\n<div class=\"wp-block-getwid-icon has-layout-stacked is-aligned-center\"><a href=\"https:\/\/zeleni-zabojcek.si\/za\/o-dostavi\/\" class=\"wp-block-getwid-icon__wrapper has-background has-text-color has-white-color\" style=\"font-size:55px;padding:13px;background-color:#4c8c2b;border-radius:70%\"><i class=\"fas fa-bicycle\"><\/i><\/a><\/div>\n\n\n\n<p class=\"has-text-color\" style=\"color:#513f31\">Dostavljamo od torka do \u010detrtka (poglejte <a rel=\"noreferrer noopener\" href=\"https:\/\/www.google.com\/maps\/d\/viewer?mid=1zk0gonQkTJomIZpDWvF4umGCBv6bDZ6S&amp;ll=46.09313281268282%2C14.493998053686&amp;z=11\" target=\"_blank\">dostavni zemljevid<\/a>). \u010ce vas ni doma, vas zaboj\u010dek po\u010daka na pragu stanovanja ali hi\u0161e. \u010ce izgine, pripeljemo novega. S kolesom in prikolico. Dostavimo kamorkoli po Sloveniji (via GLS, ne s kolesom).<\/p>\n<\/div>\n\n\n\n<div class=\"wp-block-column is-layout-flow wp-block-column-is-layout-flow\">\n<div class=\"wp-block-getwid-icon has-layout-stacked is-aligned-center\"><a href=\"https:\/\/zeleni-zabojcek.si\/za\/pogosta-vprasanja-2\/placila\/\" class=\"wp-block-getwid-icon__wrapper has-background has-text-color has-white-color\" style=\"padding:21px;background-color:#4c8c2b;border-radius:70%\"><i class=\"fas fa-euro-sign\"><\/i><\/a><\/div>\n\n\n\n<p class=\"has-text-color\" style=\"color:#513f31\">Pla\u010date z ban\u010dnim nakazilom, vedno&nbsp;<strong><span style=\"text-decoration: underline;\">po<\/span>&nbsp;<\/strong>prejemu zaboj\u010dka in ra\u010duna v njem. Lahko se dogovorimo za mese\u010dno direktno bremenitev (manj administracije, lep\u0161e \u017eivljenje).<\/p>\n<\/div>\n<\/div>\n\n\n\n<hr class=\"wp-block-separator has-text-color has-css-opacity has-background is-style-dots\" style=\"background-color:#868686;color:#868686\"\/>\n\n\n\n<h3 class=\"wp-block-heading has-text-align-center has-text-color\" id=\"novicke\" style=\"color:#513f31\">Za vsakega po njegovih potrebah<\/h3>\n\n\n\n<div class=\"wp-block-columns is-layout-flex wp-container-core-columns-is-layout-9d6595d7 wp-block-columns-is-layout-flex\">\n<div class=\"wp-block-column is-layout-flow wp-block-column-is-layout-flow\">\n<h4 class=\"wp-block-heading has-text-color\" style=\"color:#513f31\">Sezonski zaboj\u010dek<\/h4>\n\n\n\n<ul class=\"wp-block-list\">\n<li>Popust do 14%<\/li>\n\n\n\n<li>Izberete ne\u017eelene pridelke<\/li>\n\n\n\n<li>Nikoli ne ostanete brez zaboj\u010dka<\/li>\n\n\n\n<li>Zaboj\u010dek lahko odpoveste<\/li>\n\n\n\n<li>S tedenskimi recepti<\/li>\n\n\n\n<li>Prevzem v \u0160i\u0161ki ali blizu BTCja<\/li>\n\n\n\n<li>Mo\u017ena dostava po Ljubljani<\/li>\n<\/ul>\n\n\n\n<p><\/p>\n<\/div>\n\n\n\n<div class=\"wp-block-column is-layout-flow wp-block-column-is-layout-flow\">\n<h4 class=\"wp-block-heading has-text-color\" style=\"color:#513f31\">Zaboj\u010dki po meri<\/h4>\n\n\n\n<ul class=\"wp-block-list\">\n<li>Zaboj\u010dek poljubno&nbsp;spremenite<\/li>\n\n\n\n<li>Brez vezave<\/li>\n\n\n\n<li>Poljubne koli\u010dine&nbsp;(kosi ali te\u017ea)<\/li>\n\n\n\n<li>Zaboj\u010dek&nbsp;lahko&nbsp;odpoveste<\/li>\n\n\n\n<li>S tedenskimi recepti<\/li>\n\n\n\n<li>Brezpla\u010dna dostava po Ljubljani<\/li>\n\n\n\n<li>Brezpla\u010dna dostava po Sloveniji nad 25\u20ac<\/li>\n<\/ul>\n<\/div>\n\n\n\n<div class=\"wp-block-column is-layout-flow wp-block-column-is-layout-flow\">\n<h4 class=\"wp-block-heading has-text-color\" style=\"color:#513f31;line-height:1\">Pridelki po izbiri<\/h4>\n\n\n\n<ul class=\"wp-block-list\">\n<li>Popolnoma prost izbor pridelkov<\/li>\n\n\n\n<li>Brez vezave<\/li>\n\n\n\n<li>Ne naro\u010di\u0161, ne dobi\u0161<\/li>\n\n\n\n<li>Poljubne koli\u010dine&nbsp;(kosi ali te\u017ea)<\/li>\n\n\n\n<li>S tedenskimi recepti<\/li>\n\n\n\n<li>Brezpla\u010dna dostava po Ljubljani<\/li>\n\n\n\n<li>Brezpla\u010dna dostava po Sloveniji nad 25\u20ac<\/li>\n<\/ul>\n<\/div>\n<\/div>\n\n\n\n<hr class=\"wp-block-separator has-text-color has-css-opacity has-background is-style-dots\" style=\"background-color:#868686;color:#868686\"\/>\n\n\n\n<div class=\"wp-block-columns is-layout-flex wp-container-core-columns-is-layout-9d6595d7 wp-block-columns-is-layout-flex\">\n<div class=\"wp-block-column is-layout-flow wp-block-column-is-layout-flow\">\n<figure class=\"wp-block-embed is-type-video is-provider-vimeo wp-block-embed-vimeo wp-embed-aspect-16-9 wp-has-aspect-ratio\"><div class=\"wp-block-embed__wrapper\">\n<iframe loading=\"lazy\" title=\"Primer dobre prakse: Zeleni zaboj\u010dek\" src=\"https:\/\/player.vimeo.com\/video\/87383955?dnt=1&amp;app_id=122963\" width=\"750\" height=\"422\" frameborder=\"0\" allow=\"autoplay; fullscreen; picture-in-picture; clipboard-write; encrypted-media; web-share\" referrerpolicy=\"strict-origin-when-cross-origin\"><\/iframe>\n<\/div><figcaption class=\"wp-element-caption\">Prispevek iz 2012, zdaj smo malce ve\u010dji in malce starej\u0161i, ostalo \u0161e velja.<\/figcaption><\/figure>\n<\/div>\n\n\n\n<div class=\"wp-block-column is-layout-flow wp-block-column-is-layout-flow\">\n<figure class=\"wp-block-embed is-type-video is-provider-youtube wp-block-embed-youtube wp-embed-aspect-16-9 wp-has-aspect-ratio\"><div class=\"wp-block-embed__wrapper\">\n<iframe loading=\"lazy\" title=\"Gregor Hribar (Zelene zaboj\u010dke)\" width=\"750\" height=\"422\" src=\"https:\/\/www.youtube.com\/embed\/pxJDkLsvtag?feature=oembed\" frameborder=\"0\" allow=\"accelerometer; autoplay; clipboard-write; encrypted-media; gyroscope; picture-in-picture; web-share\" referrerpolicy=\"strict-origin-when-cross-origin\" allowfullscreen><\/iframe>\n<\/div><figcaption class=\"wp-element-caption\">Pogovor iz poletja 2021.<\/figcaption><\/figure>\n\n\n\n<p><\/p>\n<\/div>\n<\/div>\n\n\n\n<h3 class=\"wp-block-heading has-text-align-center has-text-color\" id=\"novicke\" style=\"color:#513f31\">Zadnje Sve\u017ee novi\u010dke<\/h3>\n\n\n\n<figure class=\"wp-block-image size-large\"><a href=\"https:\/\/novice.zeleni-zabojcek.si\/\"><img loading=\"lazy\" decoding=\"async\" width=\"1024\" height=\"483\" src=\"https:\/\/zeleni-zabojcek.si\/za\/wp-content\/uploads\/2026\/01\/novice_posnetek-2-1024x483.jpg\" alt=\"\" class=\"wp-image-5829\" srcset=\"https:\/\/zeleni-zabojcek.si\/za\/wp-content\/uploads\/2026\/01\/novice_posnetek-2-1024x483.jpg 1024w, https:\/\/zeleni-zabojcek.si\/za\/wp-content\/uploads\/2026\/01\/novice_posnetek-2-768x362.jpg 768w, https:\/\/zeleni-zabojcek.si\/za\/wp-content\/uploads\/2026\/01\/novice_posnetek-2.jpg 1193w\" sizes=\"auto, (max-width: 1024px) 100vw, 1024px\" \/><\/a><\/figure>\n\n\n\n<p>Direkt iz na\u0161ega\u00a0<em>Oddelka za lepe umetnosti<\/em>, vsako nedeljo \u017ee od leta 2009:\u00a0kaj je novega pri na\u0161ih kmetih, kaj je dobro za vse in\u00a0 kaj je le za bolj pogumne. \u010cesar je na pretek in kaj je po na\u010delu\u00a0<em>prej\u00a0pride, prej melje<\/em>. Poleg pa tudi o tem, zakaj da\u0161 \u0161pagete v pospe\u0161evalnik delcev, katere pti\u010dke so v\u010dasih v na\u0161ih krajih imeli najraje (v juhi), kaj je Orwell napisal o angle\u0161ki hrani in zakaj tega niso \u017eeleli objaviti. In druge take pomembne re\u010di!<br>Zmes koristnega in zabavnega, tako nekako, kot so zaboj\u010dki. <br><a href=\"https:\/\/novice.zeleni-zabojcek.si\/\">Preberite zadnje tri izdaje<\/a> in se naro\u010dite, da \u010desa ne zamudite!<\/p>\n\n\n\n<h3 class=\"wp-block-heading has-text-align-center has-text-color\" style=\"color:#414141\">Nekateri na\u0161i kmetje<\/h3>\n\n\n\n<figure class=\"wp-block-gallery has-nested-images columns-6 is-style-tw-img-rounded wp-block-gallery-1 is-layout-flex wp-block-gallery-is-layout-flex\">\n<figure class=\"wp-block-image size-thumbnail\"><img loading=\"lazy\" decoding=\"async\" width=\"150\" height=\"150\" data-id=\"3926\" src=\"https:\/\/zeleni-zabojcek.si\/za\/wp-content\/uploads\/2016\/04\/IMAG3040-150x150.jpg\" alt=\"\" class=\"wp-image-3926\" srcset=\"https:\/\/zeleni-zabojcek.si\/za\/wp-content\/uploads\/2016\/04\/IMAG3040-150x150.jpg 150w, https:\/\/zeleni-zabojcek.si\/za\/wp-content\/uploads\/2016\/04\/IMAG3040-300x300.jpg 300w, https:\/\/zeleni-zabojcek.si\/za\/wp-content\/uploads\/2016\/04\/IMAG3040-81x81.jpg 81w, https:\/\/zeleni-zabojcek.si\/za\/wp-content\/uploads\/2016\/04\/IMAG3040-70x70.jpg 70w\" sizes=\"auto, (max-width: 150px) 100vw, 150px\" \/><\/figure>\n\n\n\n<figure class=\"wp-block-image size-thumbnail\"><img loading=\"lazy\" decoding=\"async\" width=\"150\" height=\"150\" data-id=\"3927\" src=\"https:\/\/zeleni-zabojcek.si\/za\/wp-content\/uploads\/2016\/04\/IMAG3051-1-150x150.jpg\" alt=\"\" class=\"wp-image-3927\" srcset=\"https:\/\/zeleni-zabojcek.si\/za\/wp-content\/uploads\/2016\/04\/IMAG3051-1-150x150.jpg 150w, https:\/\/zeleni-zabojcek.si\/za\/wp-content\/uploads\/2016\/04\/IMAG3051-1-300x300.jpg 300w, https:\/\/zeleni-zabojcek.si\/za\/wp-content\/uploads\/2016\/04\/IMAG3051-1-81x81.jpg 81w, https:\/\/zeleni-zabojcek.si\/za\/wp-content\/uploads\/2016\/04\/IMAG3051-1-70x70.jpg 70w\" sizes=\"auto, (max-width: 150px) 100vw, 150px\" \/><\/figure>\n\n\n\n<figure class=\"wp-block-image size-thumbnail\"><img loading=\"lazy\" decoding=\"async\" width=\"150\" height=\"150\" data-id=\"3961\" src=\"https:\/\/zeleni-zabojcek.si\/za\/wp-content\/uploads\/2016\/06\/IMAG5230-150x150.jpg\" alt=\"\" class=\"wp-image-3961\" srcset=\"https:\/\/zeleni-zabojcek.si\/za\/wp-content\/uploads\/2016\/06\/IMAG5230-150x150.jpg 150w, https:\/\/zeleni-zabojcek.si\/za\/wp-content\/uploads\/2016\/06\/IMAG5230-300x300.jpg 300w, https:\/\/zeleni-zabojcek.si\/za\/wp-content\/uploads\/2016\/06\/IMAG5230-81x81.jpg 81w, https:\/\/zeleni-zabojcek.si\/za\/wp-content\/uploads\/2016\/06\/IMAG5230-70x70.jpg 70w\" sizes=\"auto, (max-width: 150px) 100vw, 150px\" \/><\/figure>\n\n\n\n<figure class=\"wp-block-image size-thumbnail\"><img loading=\"lazy\" decoding=\"async\" width=\"150\" height=\"143\" data-id=\"3938\" src=\"https:\/\/zeleni-zabojcek.si\/za\/wp-content\/uploads\/2016\/05\/IMAG4594-e1470260341337-150x143.jpg\" alt=\"\" class=\"wp-image-3938\"\/><\/figure>\n\n\n\n<figure class=\"wp-block-image size-thumbnail\"><img loading=\"lazy\" decoding=\"async\" width=\"150\" height=\"150\" data-id=\"3944\" src=\"https:\/\/zeleni-zabojcek.si\/za\/wp-content\/uploads\/2016\/05\/IMAG4233-1-e1462973379647-150x150.jpg\" alt=\"\" class=\"wp-image-3944\" srcset=\"https:\/\/zeleni-zabojcek.si\/za\/wp-content\/uploads\/2016\/05\/IMAG4233-1-e1462973379647-150x150.jpg 150w, https:\/\/zeleni-zabojcek.si\/za\/wp-content\/uploads\/2016\/05\/IMAG4233-1-e1462973379647-300x300.jpg 300w, https:\/\/zeleni-zabojcek.si\/za\/wp-content\/uploads\/2016\/05\/IMAG4233-1-e1462973379647-81x81.jpg 81w, https:\/\/zeleni-zabojcek.si\/za\/wp-content\/uploads\/2016\/05\/IMAG4233-1-e1462973379647-70x70.jpg 70w\" sizes=\"auto, (max-width: 150px) 100vw, 150px\" \/><\/figure>\n\n\n\n<figure class=\"wp-block-image size-thumbnail\"><img loading=\"lazy\" decoding=\"async\" width=\"150\" height=\"150\" data-id=\"3957\" src=\"https:\/\/zeleni-zabojcek.si\/za\/wp-content\/uploads\/2016\/06\/IMG_2769-150x150.jpg\" alt=\"\" class=\"wp-image-3957\" srcset=\"https:\/\/zeleni-zabojcek.si\/za\/wp-content\/uploads\/2016\/06\/IMG_2769-150x150.jpg 150w, https:\/\/zeleni-zabojcek.si\/za\/wp-content\/uploads\/2016\/06\/IMG_2769-300x300.jpg 300w, https:\/\/zeleni-zabojcek.si\/za\/wp-content\/uploads\/2016\/06\/IMG_2769-81x81.jpg 81w, https:\/\/zeleni-zabojcek.si\/za\/wp-content\/uploads\/2016\/06\/IMG_2769-70x70.jpg 70w\" sizes=\"auto, (max-width: 150px) 100vw, 150px\" \/><\/figure>\n\n\n\n<figure class=\"wp-block-image size-thumbnail\"><img loading=\"lazy\" decoding=\"async\" width=\"150\" height=\"150\" data-id=\"3915\" src=\"https:\/\/zeleni-zabojcek.si\/za\/wp-content\/uploads\/2016\/05\/IMG_7603-150x150.jpg\" alt=\"\" class=\"wp-image-3915\" srcset=\"https:\/\/zeleni-zabojcek.si\/za\/wp-content\/uploads\/2016\/05\/IMG_7603-150x150.jpg 150w, https:\/\/zeleni-zabojcek.si\/za\/wp-content\/uploads\/2016\/05\/IMG_7603-300x300.jpg 300w, https:\/\/zeleni-zabojcek.si\/za\/wp-content\/uploads\/2016\/05\/IMG_7603-81x81.jpg 81w, https:\/\/zeleni-zabojcek.si\/za\/wp-content\/uploads\/2016\/05\/IMG_7603-70x70.jpg 70w\" sizes=\"auto, (max-width: 150px) 100vw, 150px\" \/><\/figure>\n\n\n\n<figure class=\"wp-block-image size-thumbnail\"><img loading=\"lazy\" decoding=\"async\" width=\"150\" height=\"150\" data-id=\"3959\" src=\"https:\/\/zeleni-zabojcek.si\/za\/wp-content\/uploads\/2016\/06\/premrov-150x150.jpg\" alt=\"\" class=\"wp-image-3959\" srcset=\"https:\/\/zeleni-zabojcek.si\/za\/wp-content\/uploads\/2016\/06\/premrov-150x150.jpg 150w, https:\/\/zeleni-zabojcek.si\/za\/wp-content\/uploads\/2016\/06\/premrov-300x300.jpg 300w, https:\/\/zeleni-zabojcek.si\/za\/wp-content\/uploads\/2016\/06\/premrov-81x81.jpg 81w, https:\/\/zeleni-zabojcek.si\/za\/wp-content\/uploads\/2016\/06\/premrov-70x70.jpg 70w\" sizes=\"auto, (max-width: 150px) 100vw, 150px\" \/><\/figure>\n\n\n\n<figure class=\"wp-block-image size-thumbnail\"><img loading=\"lazy\" decoding=\"async\" width=\"150\" height=\"150\" data-id=\"1760\" src=\"https:\/\/zeleni-zabojcek.si\/za\/wp-content\/uploads\/2012\/08\/kastelic-150x150.jpg\" alt=\"Alojz Kastelic, njegova jabolka jemo.\" class=\"wp-image-1760\" srcset=\"https:\/\/zeleni-zabojcek.si\/za\/wp-content\/uploads\/2012\/08\/kastelic-150x150.jpg 150w, https:\/\/zeleni-zabojcek.si\/za\/wp-content\/uploads\/2012\/08\/kastelic-81x81.jpg 81w\" sizes=\"auto, (max-width: 150px) 100vw, 150px\" \/><\/figure>\n\n\n\n<figure class=\"wp-block-image size-thumbnail\"><img loading=\"lazy\" decoding=\"async\" width=\"150\" height=\"150\" data-id=\"4961\" src=\"https:\/\/zeleni-zabojcek.si\/za\/wp-content\/uploads\/2021\/09\/fras-150x150.jpeg\" alt=\"\" class=\"wp-image-4961\" srcset=\"https:\/\/zeleni-zabojcek.si\/za\/wp-content\/uploads\/2021\/09\/fras-150x150.jpeg 150w, https:\/\/zeleni-zabojcek.si\/za\/wp-content\/uploads\/2021\/09\/fras-300x300.jpeg 300w\" sizes=\"auto, (max-width: 150px) 100vw, 150px\" \/><\/figure>\n\n\n\n<figure class=\"wp-block-image size-thumbnail\"><img loading=\"lazy\" decoding=\"async\" width=\"150\" height=\"150\" data-id=\"4962\" src=\"https:\/\/zeleni-zabojcek.si\/za\/wp-content\/uploads\/2021\/09\/kukenberger-150x150.jpeg\" alt=\"\" class=\"wp-image-4962\" srcset=\"https:\/\/zeleni-zabojcek.si\/za\/wp-content\/uploads\/2021\/09\/kukenberger-150x150.jpeg 150w, https:\/\/zeleni-zabojcek.si\/za\/wp-content\/uploads\/2021\/09\/kukenberger-300x300.jpeg 300w\" sizes=\"auto, (max-width: 150px) 100vw, 150px\" \/><\/figure>\n\n\n\n<figure class=\"wp-block-image size-thumbnail\"><img loading=\"lazy\" decoding=\"async\" width=\"150\" height=\"150\" data-id=\"4963\" src=\"https:\/\/zeleni-zabojcek.si\/za\/wp-content\/uploads\/2021\/09\/Stanko-150x150.jpeg\" alt=\"\" class=\"wp-image-4963\"\/><\/figure>\n<\/figure>\n\n\n\n<div class=\"wp-block-columns is-layout-flex wp-container-core-columns-is-layout-9d6595d7 wp-block-columns-is-layout-flex\">\n<div class=\"wp-block-column is-layout-flow wp-block-column-is-layout-flow\" style=\"flex-basis:100%\">\n<div class=\"wp-block-columns is-layout-flex wp-container-core-columns-is-layout-9d6595d7 wp-block-columns-is-layout-flex\">\n<div class=\"wp-block-column is-layout-flow wp-block-column-is-layout-flow\">\n\n\n<figure class=\"wp-block-image size-full\"><img loading=\"lazy\" decoding=\"async\" width=\"182\" height=\"150\" src=\"https:\/\/zeleni-zabojcek.si\/za\/wp-content\/uploads\/2024\/11\/eu_eco_logo_SI_002-_mala.jpg\" alt=\"\" class=\"wp-image-5742\"\/><\/figure>\n\n\n\n<p><a href=\"https:\/\/webapl.mkgp.gov.si\/bioWeb\/poglej.php?id=2937\">Preverite na\u0161 certifikat<\/a> na strani ministrstva. <\/p>\n<\/div>\n\n\n\n<div class=\"wp-block-column is-layout-flow wp-block-column-is-layout-flow\">\n<h5 class=\"wp-block-heading has-text-color\" style=\"color:#513f31\"><strong>Tule nas najdete:<\/strong><\/h5>\n\n\n\n<p class=\"has-text-color\" style=\"color:#513f31\"><a rel=\"noreferrer noopener\" href=\"mailto:zabojcek@zeleni-zabojcek.si\" target=\"_blank\">zabojcek@zeleni-zabojcek.si<\/a><br>051 499 396<\/p>\n\n\n\n<p class=\"has-text-color\" style=\"color:#513f31\">Ponedeljek \u2013 petek 8.30 \u2013 16:30, med vikendi pa po\u010divamo.<\/p>\n<\/div>\n\n\n\n<div class=\"wp-block-column is-layout-flow wp-block-column-is-layout-flow\">\n<h5 class=\"wp-block-heading has-text-color\" style=\"color:#513f31\">Tako pa izgledamo:<\/h5>\n\n\n\n<figure class=\"wp-block-image size-large\"><img loading=\"lazy\" decoding=\"async\" width=\"1024\" height=\"681\" src=\"https:\/\/zeleni-zabojcek.si\/za\/wp-content\/uploads\/2022\/01\/To_smo_mi-1024x681.jpg\" alt=\"\" class=\"wp-image-5010\" srcset=\"https:\/\/zeleni-zabojcek.si\/za\/wp-content\/uploads\/2022\/01\/To_smo_mi-1024x681.jpg 1024w, https:\/\/zeleni-zabojcek.si\/za\/wp-content\/uploads\/2022\/01\/To_smo_mi-768x511.jpg 768w, https:\/\/zeleni-zabojcek.si\/za\/wp-content\/uploads\/2022\/01\/To_smo_mi-1536x1021.jpg 1536w, https:\/\/zeleni-zabojcek.si\/za\/wp-content\/uploads\/2022\/01\/To_smo_mi-2048x1362.jpg 2048w, https:\/\/zeleni-zabojcek.si\/za\/wp-content\/uploads\/2022\/01\/To_smo_mi-1568x1042.jpg 1568w\" sizes=\"auto, (max-width: 1024px) 100vw, 1024px\" \/><\/figure>\n<\/div>\n\n\n\n<div class=\"wp-block-column is-layout-flow wp-block-column-is-layout-flow\">\n<h5 class=\"wp-block-heading has-text-color\" style=\"color:#513f31\"><strong>Zaboj\u010dek lahko tudi prevzamete: <\/strong><\/h5>\n\n\n\n<p class=\"has-text-color\" style=\"color:#513f31\">Eko kmetija Studen<br>Obrije 23 1000 Ljubljana<\/p>\n\n\n\n<p class=\"has-text-color\" style=\"color:#513f31\">Shramba v \u0160i\u0161ki<br>Smrekarjeva 3 1000 Ljubljana<\/p>\n<\/div>\n<\/div>\n<\/div>\n<\/div>\n","protected":false},"excerpt":{"rendered":"<p>Ekolo\u0161ko Sezonsko Lokalno Dostavljeno! Sre\u010dnih 15 let dostavljamo izklju\u010dno ekolo\u0161ko, lokalno pridelano hrano. Izberete poljubne pridelke ali zaboj\u010dek s predlagano vsebino, ki ga lahko poljubno prilagodite. Lahko izberete le tiste pridelke, ki jih potrebujete. Lahko ste abonent ali pa naro\u010dite le, kadar vam prija. Skoraj vse je mogo\u010de. Dostavljamo od torka do \u010detrtka (poglejte dostavni&hellip; <a class=\"more-link\" href=\"https:\/\/zeleni-zabojcek.si\/za\/\">Continue reading <span class=\"screen-reader-text\">Untitled<\/span><\/a><\/p>\n","protected":false},"author":1,"featured_media":0,"parent":0,"menu_order":0,"comment_status":"closed","ping_status":"open","template":"","meta":{"footnotes":""},"class_list":["post-2655","page","type-page","status-publish","hentry","entry"],"_links":{"self":[{"href":"https:\/\/zeleni-zabojcek.si\/za\/wp-json\/wp\/v2\/pages\/2655","targetHints":{"allow":["GET"]}}],"collection":[{"href":"https:\/\/zeleni-zabojcek.si\/za\/wp-json\/wp\/v2\/pages"}],"about":[{"href":"https:\/\/zeleni-zabojcek.si\/za\/wp-json\/wp\/v2\/types\/page"}],"author":[{"embeddable":true,"href":"https:\/\/zeleni-zabojcek.si\/za\/wp-json\/wp\/v2\/users\/1"}],"replies":[{"embeddable":true,"href":"https:\/\/zeleni-zabojcek.si\/za\/wp-json\/wp\/v2\/comments?post=2655"}],"version-history":[{"count":264,"href":"https:\/\/zeleni-zabojcek.si\/za\/wp-json\/wp\/v2\/pages\/2655\/revisions"}],"predecessor-version":[{"id":5830,"href":"https:\/\/zeleni-zabojcek.si\/za\/wp-json\/wp\/v2\/pages\/2655\/revisions\/5830"}],"wp:attachment":[{"href":"https:\/\/zeleni-zabojcek.si\/za\/wp-json\/wp\/v2\/media?parent=2655"}],"curies":[{"name":"wp","href":"https:\/\/api.w.org\/{rel}","templated":true}]}}