{"id":4076,"date":"2016-10-17T22:28:14","date_gmt":"2016-10-17T20:28:14","guid":{"rendered":"https:\/\/zeleni-zabojcek.si\/za\/?page_id=4076"},"modified":"2023-10-09T16:11:26","modified_gmt":"2023-10-09T14:11:26","slug":"o-dostavi","status":"publish","type":"page","link":"https:\/\/zeleni-zabojcek.si\/za\/o-dostavi\/","title":{"rendered":"O dostavi"},"content":{"rendered":"<p><strong>Obmo\u010dje dostave<br \/>\n<\/strong>Zaboj\u010dke dostavljamo v Ljubljani in \u0161ir\u0161i okolici sami, drugje pa s pomo\u010djo dostavne slu\u017ebe.<\/p>\n<p><strong>\u010cas dostave<br \/>\n<\/strong>Zaboj\u010dke dostavimo od torka do \u010detrtka. V nekatere dele Ljubljane lahko naro\u010dite zaboj\u010dek ob torkih in tudi ob \u010detrtkih. Trudimo se, da isti predel mesta dostavljamo ob podobnem \u010dasu. Se pa v\u010dasih to tudi spremeni, \u010de je zaboj\u010dkov zelo veliko (recimo pozimi) ali pa malo, recimo poleti, ko ste vsi na dopustih in imate vrtove (ali pa mame z vrtovi).<br \/>\nZaboj\u010dke preko GLS prejmete ob sredah.<\/p>\n<p><strong>Stro\u0161ek dostave<\/strong><br \/>\nDostava je brezpla\u010dna. Stro\u0161ke dostave v vi\u0161ini 2,95\u20ac obra\u010dunamo le za zaboj\u010dke, ki jih dostavimo izven Ljubljane in so vredni manj kot 25\u20ac. Posebni so tudi sezonski zaboj\u010dki, tam v primeru, da \u017eelite dostavo, to tudi obra\u010dunamo, najmanj v vi\u0161ini 2,50\u20ac v Ljubljani in 2,95\u20ac izven nje.<\/p>\n<p><strong>\u010ce vas ni doma, vas zaboj\u010dek po\u010daka<br \/>\n<\/strong>\u010ce vas ni doma pri dostavi, voznik zaboj\u010dek pusti pred vrati stanovanja ali hi\u0161e. \u010ce nima to\u010dnih napotkov, ga pusti na kar-zgleda-primerno mesto (zato se toplo priporo\u010damo, da nam ob prvem naro\u010dilu sporo\u010dite ve\u010d informacij, kje naj pustimo zaboj\u010dek &#8211; tudi \u010de na\u010drtujete, da boste doma ob dostavi &#8211; \u017eivljenje je pa\u010d nepredvidljivo).<br \/>\nTako pustimo ve\u010d kot pol zaboj\u010dkov. \u010ce bi ta izginil (precej neverjetno, se pa pribli\u017eno na dve leti tudi to zgodi), pripeljemo novega.<\/p>\n","protected":false},"excerpt":{"rendered":"<p>Obmo\u010dje dostave Zaboj\u010dke dostavljamo v Ljubljani in \u0161ir\u0161i okolici sami, drugje pa s pomo\u010djo dostavne slu\u017ebe. \u010cas dostave Zaboj\u010dke dostavimo od torka do \u010detrtka. V nekatere dele Ljubljane lahko naro\u010dite zaboj\u010dek ob torkih in tudi ob \u010detrtkih. Trudimo se, da isti predel mesta dostavljamo ob podobnem \u010dasu. Se pa v\u010dasih to tudi spremeni, \u010de je&hellip; <a class=\"more-link\" href=\"https:\/\/zeleni-zabojcek.si\/za\/o-dostavi\/\">Continue reading <span class=\"screen-reader-text\">O dostavi<\/span><\/a><\/p>\n","protected":false},"author":1,"featured_media":0,"parent":0,"menu_order":0,"comment_status":"closed","ping_status":"closed","template":"","meta":{"footnotes":""},"class_list":["post-4076","page","type-page","status-publish","hentry","entry"],"_links":{"self":[{"href":"https:\/\/zeleni-zabojcek.si\/za\/wp-json\/wp\/v2\/pages\/4076","targetHints":{"allow":["GET"]}}],"collection":[{"href":"https:\/\/zeleni-zabojcek.si\/za\/wp-json\/wp\/v2\/pages"}],"about":[{"href":"https:\/\/zeleni-zabojcek.si\/za\/wp-json\/wp\/v2\/types\/page"}],"author":[{"embeddable":true,"href":"https:\/\/zeleni-zabojcek.si\/za\/wp-json\/wp\/v2\/users\/1"}],"replies":[{"embeddable":true,"href":"https:\/\/zeleni-zabojcek.si\/za\/wp-json\/wp\/v2\/comments?post=4076"}],"version-history":[{"count":4,"href":"https:\/\/zeleni-zabojcek.si\/za\/wp-json\/wp\/v2\/pages\/4076\/revisions"}],"predecessor-version":[{"id":5210,"href":"https:\/\/zeleni-zabojcek.si\/za\/wp-json\/wp\/v2\/pages\/4076\/revisions\/5210"}],"wp:attachment":[{"href":"https:\/\/zeleni-zabojcek.si\/za\/wp-json\/wp\/v2\/media?parent=4076"}],"curies":[{"name":"wp","href":"https:\/\/api.w.org\/{rel}","templated":true}]}}