{"id":4837,"date":"2021-01-25T08:55:06","date_gmt":"2021-01-25T07:55:06","guid":{"rendered":"https:\/\/zeleni-zabojcek.si\/za\/?page_id=4837"},"modified":"2025-12-03T12:58:27","modified_gmt":"2025-12-03T11:58:27","slug":"bremenitev","status":"publish","type":"page","link":"https:\/\/zeleni-zabojcek.si\/za\/bremenitev\/","title":{"rendered":"Bremenitev"},"content":{"rendered":"<p>Z va\u0161im soglasjem za direktno bremenitev bodo pla\u010dila bolj preprosta.<br \/>\nOb vsaki dostavi zaboj\u010dka dobite dobavnico, ob koncu vsakega meseca ra\u010dun. Tega poravnate z direktno bremenitvijo, ki jo izvedemo 8. v mesecu za pretekli mesec.<br \/>\nMi bomo va\u0161ega soglasja zelo veseli, saj bomo tako imeli manj dela z vnosom pla\u010dil. Manj dela z administracijo, ve\u010d \u010dasa za pridelke, to je na\u0161e veselje.<\/p>\n<p>Obrazec za soglasje smo pripravili <a href=\"https:\/\/zeleni-zabojcek.si\/za\/slike\/Bremenitev_pooblastilo.pdf\">tu<\/a>.<\/p>\n","protected":false},"excerpt":{"rendered":"<p>Z va\u0161im soglasjem za direktno bremenitev bodo pla\u010dila bolj preprosta. Ob vsaki dostavi zaboj\u010dka dobite dobavnico, ob koncu vsakega meseca ra\u010dun. Tega poravnate z direktno bremenitvijo, ki jo izvedemo 8. v mesecu za pretekli mesec. Mi bomo va\u0161ega soglasja zelo veseli, saj bomo tako imeli manj dela z vnosom pla\u010dil. Manj dela z administracijo, ve\u010d&hellip; <a class=\"more-link\" href=\"https:\/\/zeleni-zabojcek.si\/za\/bremenitev\/\">Continue reading <span class=\"screen-reader-text\">Bremenitev<\/span><\/a><\/p>\n","protected":false},"author":4,"featured_media":0,"parent":0,"menu_order":0,"comment_status":"closed","ping_status":"closed","template":"","meta":{"footnotes":""},"class_list":["post-4837","page","type-page","status-publish","hentry","entry"],"_links":{"self":[{"href":"https:\/\/zeleni-zabojcek.si\/za\/wp-json\/wp\/v2\/pages\/4837","targetHints":{"allow":["GET"]}}],"collection":[{"href":"https:\/\/zeleni-zabojcek.si\/za\/wp-json\/wp\/v2\/pages"}],"about":[{"href":"https:\/\/zeleni-zabojcek.si\/za\/wp-json\/wp\/v2\/types\/page"}],"author":[{"embeddable":true,"href":"https:\/\/zeleni-zabojcek.si\/za\/wp-json\/wp\/v2\/users\/4"}],"replies":[{"embeddable":true,"href":"https:\/\/zeleni-zabojcek.si\/za\/wp-json\/wp\/v2\/comments?post=4837"}],"version-history":[{"count":2,"href":"https:\/\/zeleni-zabojcek.si\/za\/wp-json\/wp\/v2\/pages\/4837\/revisions"}],"predecessor-version":[{"id":5815,"href":"https:\/\/zeleni-zabojcek.si\/za\/wp-json\/wp\/v2\/pages\/4837\/revisions\/5815"}],"wp:attachment":[{"href":"https:\/\/zeleni-zabojcek.si\/za\/wp-json\/wp\/v2\/media?parent=4837"}],"curies":[{"name":"wp","href":"https:\/\/api.w.org\/{rel}","templated":true}]}}